{"id":1847,"date":"2021-07-28T14:12:18","date_gmt":"2021-07-28T12:12:18","guid":{"rendered":"https:\/\/montis.cz.uvirt117.active24.cz\/zakazkova-vyroba\/"},"modified":"2022-06-08T17:20:34","modified_gmt":"2022-06-08T15:20:34","slug":"zakazkova-vyroba","status":"publish","type":"page","link":"https:\/\/montis.cz\/en\/zakazkova-vyroba\/","title":{"rendered":"Custom production"},"content":{"rendered":"<p>Our craft is our passion. 27 years of experience, along with professional training, have lent us enough skill to produce quality parasols and promotional and shading technology. Strictly followed procedure during production according to technical documentation, thorough testing and certification of our products are also a matter of course.<\/p>\n<p>Each of our products passes through our hands and therefore we leave a piece of our love in them. We believe that our products will improve your home or business. We hope that our product will become not only an extraordinary decoration, but also a functional part of your life.<\/p>\n<p>We are happy to manufacture all parasols, shade structures, awnings and other products tailored to your requirements. We will take care of everything from your design to implementation. We care about quality, human approach and meeting deadlines. We cooperate not only with large companies, but also with individuals for whom we are happy to implement everything on the basis of a personal consultation.You can find more about our services here.<\/p>\n<div class=\"wp-block-spacer\" aria-hidden=\"true\"><\/div>\n<h3>How it works:<\/h3>\n<ol class=\"pl-3\" type=\"1\">\n<li>Your assignment\/inquiry<\/li>\n<li>Preliminary price calculation<\/li>\n<li>In case of necessity of on-site consultation<\/li>\n<li>Proof sheet and quotation<\/li>\n<li>Your approval<\/li>\n<li>Production<\/li>\n<li>Shipping<\/li>\n<li>Satisfied customer<\/li>\n<\/ol>\n","protected":false},"excerpt":{"rendered":"<p>Our craft is our passion. 27 years of experience, along with professional training, have lent us enough skill to produce quality parasols and promotional and shading technology. Strictly followed procedure during production according to technical documentation, thorough testing and certification of our products are also a matter of course. Each of our products passes through [&hellip;]<\/p>\n","protected":false},"author":1,"featured_media":0,"parent":0,"menu_order":0,"comment_status":"closed","ping_status":"closed","template":"templates\/custom_production.php","meta":{"_acf_changed":false,"inline_featured_image":false,"footnotes":""},"class_list":["post-1847","page","type-page","status-publish","hentry"],"acf":[],"yoast_head":"<!-- This site is optimized with the Yoast SEO plugin v27.5 - https:\/\/yoast.com\/product\/yoast-seo-wordpress\/ -->\n<title>Parasols and Tents for cafes, restaurants and hotels | MONTIS.CZ<\/title>\n<meta name=\"robots\" content=\"index, follow, max-snippet:-1, max-image-preview:large, max-video-preview:-1\" \/>\n<link rel=\"canonical\" href=\"https:\/\/montis.cz\/en\/zakazkova-vyroba\/\" \/>\n<meta property=\"og:locale\" content=\"en_US\" \/>\n<meta property=\"og:type\" content=\"article\" \/>\n<meta property=\"og:title\" content=\"Parasols and Tents for cafes, restaurants and hotels | MONTIS.CZ\" \/>\n<meta property=\"og:description\" content=\"Our craft is our passion. 27 years of experience, along with professional training, have lent us enough skill to produce quality parasols and promotional and shading technology. Strictly followed procedure during production according to technical documentation, thorough testing and certification of our products are also a matter of course. Each of our products passes through [&hellip;]\" \/>\n<meta property=\"og:url\" content=\"https:\/\/montis.cz\/en\/zakazkova-vyroba\/\" \/>\n<meta property=\"og:site_name\" content=\"Montis\" \/>\n<meta property=\"article:modified_time\" content=\"2022-06-08T15:20:34+00:00\" \/>\n<meta name=\"twitter:card\" content=\"summary_large_image\" \/>\n<meta name=\"twitter:label1\" content=\"Est. reading time\" \/>\n\t<meta name=\"twitter:data1\" content=\"1 minute\" \/>\n<script type=\"application\/ld+json\" class=\"yoast-schema-graph\">{\"@context\":\"https:\\\/\\\/schema.org\",\"@graph\":[{\"@type\":\"WebPage\",\"@id\":\"https:\\\/\\\/montis.cz\\\/en\\\/zakazkova-vyroba\\\/\",\"url\":\"https:\\\/\\\/montis.cz\\\/en\\\/zakazkova-vyroba\\\/\",\"name\":\"Parasols and Tents for cafes, restaurants and hotels | MONTIS.CZ\",\"isPartOf\":{\"@id\":\"https:\\\/\\\/montis.cz\\\/en\\\/#website\"},\"datePublished\":\"2021-07-28T12:12:18+00:00\",\"dateModified\":\"2022-06-08T15:20:34+00:00\",\"breadcrumb\":{\"@id\":\"https:\\\/\\\/montis.cz\\\/en\\\/zakazkova-vyroba\\\/#breadcrumb\"},\"inLanguage\":\"en-US\",\"potentialAction\":[{\"@type\":\"ReadAction\",\"target\":[\"https:\\\/\\\/montis.cz\\\/en\\\/zakazkova-vyroba\\\/\"]}]},{\"@type\":\"BreadcrumbList\",\"@id\":\"https:\\\/\\\/montis.cz\\\/en\\\/zakazkova-vyroba\\\/#breadcrumb\",\"itemListElement\":[{\"@type\":\"ListItem\",\"position\":1,\"name\":\"Home\",\"item\":\"https:\\\/\\\/montis.cz\\\/en\\\/\"},{\"@type\":\"ListItem\",\"position\":2,\"name\":\"Custom production\"}]},{\"@type\":\"WebSite\",\"@id\":\"https:\\\/\\\/montis.cz\\\/en\\\/#website\",\"url\":\"https:\\\/\\\/montis.cz\\\/en\\\/\",\"name\":\"Montis\",\"description\":\"St\u00edn\u00edc\u00ed technika a reklama \u0161it\u00e1 na m\u00edru\",\"publisher\":{\"@id\":\"https:\\\/\\\/montis.cz\\\/en\\\/#organization\"},\"potentialAction\":[{\"@type\":\"SearchAction\",\"target\":{\"@type\":\"EntryPoint\",\"urlTemplate\":\"https:\\\/\\\/montis.cz\\\/en\\\/?s={search_term_string}\"},\"query-input\":{\"@type\":\"PropertyValueSpecification\",\"valueRequired\":true,\"valueName\":\"search_term_string\"}}],\"inLanguage\":\"en-US\"},{\"@type\":\"Organization\",\"@id\":\"https:\\\/\\\/montis.cz\\\/en\\\/#organization\",\"name\":\"Montis\",\"url\":\"https:\\\/\\\/montis.cz\\\/en\\\/\",\"logo\":{\"@type\":\"ImageObject\",\"inLanguage\":\"en-US\",\"@id\":\"https:\\\/\\\/montis.cz\\\/en\\\/#\\\/schema\\\/logo\\\/image\\\/\",\"url\":\"https:\\\/\\\/montis.cz\\\/wp-content\\\/uploads\\\/2022\\\/06\\\/Logo_montis_cz_web.svg\",\"contentUrl\":\"https:\\\/\\\/montis.cz\\\/wp-content\\\/uploads\\\/2022\\\/06\\\/Logo_montis_cz_web.svg\",\"caption\":\"Montis\"},\"image\":{\"@id\":\"https:\\\/\\\/montis.cz\\\/en\\\/#\\\/schema\\\/logo\\\/image\\\/\"}}]}<\/script>\n<!-- \/ Yoast SEO plugin. -->","yoast_head_json":{"title":"Parasols and Tents for cafes, restaurants and hotels | MONTIS.CZ","robots":{"index":"index","follow":"follow","max-snippet":"max-snippet:-1","max-image-preview":"max-image-preview:large","max-video-preview":"max-video-preview:-1"},"canonical":"https:\/\/montis.cz\/en\/zakazkova-vyroba\/","og_locale":"en_US","og_type":"article","og_title":"Parasols and Tents for cafes, restaurants and hotels | MONTIS.CZ","og_description":"Our craft is our passion. 27 years of experience, along with professional training, have lent us enough skill to produce quality parasols and promotional and shading technology. Strictly followed procedure during production according to technical documentation, thorough testing and certification of our products are also a matter of course. Each of our products passes through [&hellip;]","og_url":"https:\/\/montis.cz\/en\/zakazkova-vyroba\/","og_site_name":"Montis","article_modified_time":"2022-06-08T15:20:34+00:00","twitter_card":"summary_large_image","twitter_misc":{"Est. reading time":"1 minute"},"schema":{"@context":"https:\/\/schema.org","@graph":[{"@type":"WebPage","@id":"https:\/\/montis.cz\/en\/zakazkova-vyroba\/","url":"https:\/\/montis.cz\/en\/zakazkova-vyroba\/","name":"Parasols and Tents for cafes, restaurants and hotels | MONTIS.CZ","isPartOf":{"@id":"https:\/\/montis.cz\/en\/#website"},"datePublished":"2021-07-28T12:12:18+00:00","dateModified":"2022-06-08T15:20:34+00:00","breadcrumb":{"@id":"https:\/\/montis.cz\/en\/zakazkova-vyroba\/#breadcrumb"},"inLanguage":"en-US","potentialAction":[{"@type":"ReadAction","target":["https:\/\/montis.cz\/en\/zakazkova-vyroba\/"]}]},{"@type":"BreadcrumbList","@id":"https:\/\/montis.cz\/en\/zakazkova-vyroba\/#breadcrumb","itemListElement":[{"@type":"ListItem","position":1,"name":"Home","item":"https:\/\/montis.cz\/en\/"},{"@type":"ListItem","position":2,"name":"Custom production"}]},{"@type":"WebSite","@id":"https:\/\/montis.cz\/en\/#website","url":"https:\/\/montis.cz\/en\/","name":"Montis","description":"St\u00edn\u00edc\u00ed technika a reklama \u0161it\u00e1 na m\u00edru","publisher":{"@id":"https:\/\/montis.cz\/en\/#organization"},"potentialAction":[{"@type":"SearchAction","target":{"@type":"EntryPoint","urlTemplate":"https:\/\/montis.cz\/en\/?s={search_term_string}"},"query-input":{"@type":"PropertyValueSpecification","valueRequired":true,"valueName":"search_term_string"}}],"inLanguage":"en-US"},{"@type":"Organization","@id":"https:\/\/montis.cz\/en\/#organization","name":"Montis","url":"https:\/\/montis.cz\/en\/","logo":{"@type":"ImageObject","inLanguage":"en-US","@id":"https:\/\/montis.cz\/en\/#\/schema\/logo\/image\/","url":"https:\/\/montis.cz\/wp-content\/uploads\/2022\/06\/Logo_montis_cz_web.svg","contentUrl":"https:\/\/montis.cz\/wp-content\/uploads\/2022\/06\/Logo_montis_cz_web.svg","caption":"Montis"},"image":{"@id":"https:\/\/montis.cz\/en\/#\/schema\/logo\/image\/"}}]}},"_links":{"self":[{"href":"https:\/\/montis.cz\/en\/wp-json\/wp\/v2\/pages\/1847","targetHints":{"allow":["GET"]}}],"collection":[{"href":"https:\/\/montis.cz\/en\/wp-json\/wp\/v2\/pages"}],"about":[{"href":"https:\/\/montis.cz\/en\/wp-json\/wp\/v2\/types\/page"}],"author":[{"embeddable":true,"href":"https:\/\/montis.cz\/en\/wp-json\/wp\/v2\/users\/1"}],"replies":[{"embeddable":true,"href":"https:\/\/montis.cz\/en\/wp-json\/wp\/v2\/comments?post=1847"}],"version-history":[{"count":0,"href":"https:\/\/montis.cz\/en\/wp-json\/wp\/v2\/pages\/1847\/revisions"}],"wp:attachment":[{"href":"https:\/\/montis.cz\/en\/wp-json\/wp\/v2\/media?parent=1847"}],"curies":[{"name":"wp","href":"https:\/\/api.w.org\/{rel}","templated":true}]}}