{"id":1845,"date":"2021-07-28T11:00:59","date_gmt":"2021-07-28T11:00:59","guid":{"rendered":"https:\/\/montis.cz.uvirt117.active24.cz\/obchodni-podminky\/"},"modified":"2026-02-04T14:10:07","modified_gmt":"2026-02-04T13:10:07","slug":"obchodni-podminky","status":"publish","type":"page","link":"https:\/\/montis.cz\/en\/obchodni-podminky\/","title":{"rendered":"Obchodn\u00ed podm\u00ednky"},"content":{"rendered":"<p><a href=\"https:\/\/montis.cz\/wp-content\/uploads\/2021\/08\/obchodni-podminky-dle-obchodniho-zakoniku-d00000211.pdf\">Obchodni-podminky-dle-obchodniho-zakoniku<\/a><\/p>\n<p><a href=\"https:\/\/montis.cz\/wp-content\/uploads\/2021\/08\/obchodni-podminky-dle-obcanskeho-zakoniku-d00000212.pdf\">Obchodni-podminky-dle-obcanskeho-zakoniku<\/a><\/p>\n<p><a href=\"https:\/\/montis.cz\/wp-content\/uploads\/2021\/08\/pouceni-o-pravu-na-odstoupeni-od-smlouvy-dle-obcanskeho-zakoniku-d00000214.pdf\">Pouceni-o-pravu-na-odstoupeni-od-smlouvy-dle-obcanskeho-zakoniku<\/a><\/p>\n<p><a href=\"https:\/\/montis.cz\/wp-content\/uploads\/2021\/08\/formular-pro-odstoupeni-od-smlouvy-dle-obcanskeho-zakoniku-d00000215.pdf\">Formular-pro-odstoupeni-od-smlouvy-dle-obcanskeho-zakoniku<\/a>&#8230;<\/p>\n<p><a href=\"https:\/\/montis.cz\/wp-content\/uploads\/2025\/12\/NAVOD-K-OBSLUZE-ZARUCNI-PODMINKY.-SLUNECNIKY.pdf\" target=\"_blank\" rel=\"noopener\">Navod-k-obsluze-a-zarucni-podminky-slunecniky<\/a><\/p>\n<p><a href=\"https:\/\/montis.cz\/wp-content\/uploads\/2025\/12\/NAVOD-K-OBSLUZE-ZARUCNI-PODMINKY.-STANKY.pdf\" target=\"_blank\" rel=\"noopener\">Navod-k-obsluze-a-zarucni-podminky-stanky<\/a><\/p>\n<p><a href=\"https:\/\/montis.cz\/wp-content\/uploads\/2025\/12\/NAVOD-K-OBSLUZE-ZARUCNI-PODMINKY.-VLAJKY.pdf\" target=\"_blank\" rel=\"noopener\">Navod-k-obsluze-a-zarucni-podminky-vlajky<\/a><\/p>\n<p><a href=\"https:\/\/montis.cz\/wp-content\/uploads\/2025\/12\/NAVOD-K-OBSLUZE-ZARUCNI-PODMINKY.-KOSTKY.pdf\" target=\"_blank\" rel=\"noopener\">Navod-k-obsluze-a-zarucni-podminky-kostky<\/a><\/p>\n<p><a href=\"https:\/\/montis.cz\/wp-content\/uploads\/2025\/12\/NAVOD-K-OBSLUZE-ZARUCNI-PODMINKY.-LEHATKA.pdf\" target=\"_blank\" rel=\"noopener\">Navod-k-obsluze-a-zarucni-podminky-lehatka<\/a><\/p>\n<p><a href=\"https:\/\/montis.cz\/wp-content\/uploads\/2026\/02\/INSTRUCTIONS_WARRANTY_TERMS_PARASOLS.pdf\">INSTRUCTIONS_WARRANTY_TERMS_PARASOLS<\/a><\/p>\n<p><a href=\"https:\/\/montis.cz\/wp-content\/uploads\/2026\/02\/INSTRUCTIONS_WARRANTY_TERMS_TENTS-1.pdf\">INSTRUCTIONS_WARRANTY_TERMS_TENTS<\/a><\/p>\n<p><a href=\"https:\/\/montis.cz\/wp-content\/uploads\/2026\/02\/INSTRUCTIONS_WARRANTY_TERMS_FLAGS.pdf\">INSTRUCTIONS_WARRANTY_TERMS_FLAGS<\/a><\/p>\n<p><a href=\"https:\/\/montis.cz\/wp-content\/uploads\/2026\/02\/INSTRUCTIONS_WARRANTY_TERMS_CUBES.pdf\">INSTRUCTIONS_WARRANTY_TERMS_CUBES<\/a><\/p>\n<p><a href=\"https:\/\/montis.cz\/wp-content\/uploads\/2026\/02\/INSTRUCTIONS_WARRANTY_TERMS_DECKCHAIRS.pdf\">INSTRUCTIONS_WARRANTY_TERMS_DECKCHAIRS<\/a><\/p>\n","protected":false},"excerpt":{"rendered":"<p>Obchodni-podminky-dle-obchodniho-zakoniku Obchodni-podminky-dle-obcanskeho-zakoniku Pouceni-o-pravu-na-odstoupeni-od-smlouvy-dle-obcanskeho-zakoniku Formular-pro-odstoupeni-od-smlouvy-dle-obcanskeho-zakoniku&#8230; Navod-k-obsluze-a-zarucni-podminky-slunecniky Navod-k-obsluze-a-zarucni-podminky-stanky Navod-k-obsluze-a-zarucni-podminky-vlajky Navod-k-obsluze-a-zarucni-podminky-kostky Navod-k-obsluze-a-zarucni-podminky-lehatka INSTRUCTIONS_WARRANTY_TERMS_PARASOLS INSTRUCTIONS_WARRANTY_TERMS_TENTS INSTRUCTIONS_WARRANTY_TERMS_FLAGS INSTRUCTIONS_WARRANTY_TERMS_CUBES INSTRUCTIONS_WARRANTY_TERMS_DECKCHAIRS<\/p>\n","protected":false},"author":1,"featured_media":0,"parent":0,"menu_order":0,"comment_status":"closed","ping_status":"open","template":"","meta":{"_acf_changed":false,"inline_featured_image":false,"footnotes":""},"class_list":["post-1845","page","type-page","status-publish","hentry"],"acf":[],"yoast_head":"<!-- This site is optimized with the Yoast SEO plugin v27.3 - https:\/\/yoast.com\/product\/yoast-seo-wordpress\/ -->\n<title>Obchodn\u00ed podm\u00ednky | MONTIS.CZ<\/title>\n<meta name=\"description\" content=\"Na t\u00e9to str\u00e1nce naleznete obchodn\u00ed podm\u00ednky a n\u00e1vody k na\u0161im produkt\u016fm.\" \/>\n<meta name=\"robots\" content=\"index, follow, max-snippet:-1, max-image-preview:large, max-video-preview:-1\" \/>\n<link rel=\"canonical\" href=\"https:\/\/montis.cz\/en\/obchodni-podminky\/\" \/>\n<meta property=\"og:locale\" content=\"en_US\" \/>\n<meta property=\"og:type\" content=\"article\" \/>\n<meta property=\"og:title\" content=\"Obchodn\u00ed podm\u00ednky | MONTIS.CZ\" \/>\n<meta property=\"og:description\" content=\"Na t\u00e9to str\u00e1nce naleznete obchodn\u00ed podm\u00ednky a n\u00e1vody k na\u0161im produkt\u016fm.\" \/>\n<meta property=\"og:url\" content=\"https:\/\/montis.cz\/en\/obchodni-podminky\/\" \/>\n<meta property=\"og:site_name\" content=\"Montis\" \/>\n<meta property=\"article:modified_time\" content=\"2026-02-04T13:10:07+00:00\" \/>\n<meta name=\"twitter:card\" content=\"summary_large_image\" \/>\n<meta name=\"twitter:label1\" content=\"Est. reading time\" \/>\n\t<meta name=\"twitter:data1\" content=\"1 minute\" \/>\n<script type=\"application\/ld+json\" class=\"yoast-schema-graph\">{\"@context\":\"https:\\\/\\\/schema.org\",\"@graph\":[{\"@type\":\"WebPage\",\"@id\":\"https:\\\/\\\/montis.cz\\\/en\\\/obchodni-podminky\\\/\",\"url\":\"https:\\\/\\\/montis.cz\\\/en\\\/obchodni-podminky\\\/\",\"name\":\"Obchodn\u00ed podm\u00ednky | MONTIS.CZ\",\"isPartOf\":{\"@id\":\"https:\\\/\\\/montis.cz\\\/en\\\/#website\"},\"datePublished\":\"2021-07-28T11:00:59+00:00\",\"dateModified\":\"2026-02-04T13:10:07+00:00\",\"description\":\"Na t\u00e9to str\u00e1nce naleznete obchodn\u00ed podm\u00ednky a n\u00e1vody k na\u0161im produkt\u016fm.\",\"breadcrumb\":{\"@id\":\"https:\\\/\\\/montis.cz\\\/en\\\/obchodni-podminky\\\/#breadcrumb\"},\"inLanguage\":\"en-US\",\"potentialAction\":[{\"@type\":\"ReadAction\",\"target\":[\"https:\\\/\\\/montis.cz\\\/en\\\/obchodni-podminky\\\/\"]}]},{\"@type\":\"BreadcrumbList\",\"@id\":\"https:\\\/\\\/montis.cz\\\/en\\\/obchodni-podminky\\\/#breadcrumb\",\"itemListElement\":[{\"@type\":\"ListItem\",\"position\":1,\"name\":\"Home\",\"item\":\"https:\\\/\\\/montis.cz\\\/en\\\/\"},{\"@type\":\"ListItem\",\"position\":2,\"name\":\"Obchodn\u00ed podm\u00ednky\"}]},{\"@type\":\"WebSite\",\"@id\":\"https:\\\/\\\/montis.cz\\\/en\\\/#website\",\"url\":\"https:\\\/\\\/montis.cz\\\/en\\\/\",\"name\":\"Montis\",\"description\":\"St\u00edn\u00edc\u00ed technika a reklama \u0161it\u00e1 na m\u00edru\",\"publisher\":{\"@id\":\"https:\\\/\\\/montis.cz\\\/en\\\/#organization\"},\"potentialAction\":[{\"@type\":\"SearchAction\",\"target\":{\"@type\":\"EntryPoint\",\"urlTemplate\":\"https:\\\/\\\/montis.cz\\\/en\\\/?s={search_term_string}\"},\"query-input\":{\"@type\":\"PropertyValueSpecification\",\"valueRequired\":true,\"valueName\":\"search_term_string\"}}],\"inLanguage\":\"en-US\"},{\"@type\":\"Organization\",\"@id\":\"https:\\\/\\\/montis.cz\\\/en\\\/#organization\",\"name\":\"Montis\",\"url\":\"https:\\\/\\\/montis.cz\\\/en\\\/\",\"logo\":{\"@type\":\"ImageObject\",\"inLanguage\":\"en-US\",\"@id\":\"https:\\\/\\\/montis.cz\\\/en\\\/#\\\/schema\\\/logo\\\/image\\\/\",\"url\":\"https:\\\/\\\/montis.cz\\\/wp-content\\\/uploads\\\/2022\\\/06\\\/Logo_montis_cz_web.svg\",\"contentUrl\":\"https:\\\/\\\/montis.cz\\\/wp-content\\\/uploads\\\/2022\\\/06\\\/Logo_montis_cz_web.svg\",\"caption\":\"Montis\"},\"image\":{\"@id\":\"https:\\\/\\\/montis.cz\\\/en\\\/#\\\/schema\\\/logo\\\/image\\\/\"}}]}<\/script>\n<!-- \/ Yoast SEO plugin. -->","yoast_head_json":{"title":"Obchodn\u00ed podm\u00ednky | MONTIS.CZ","description":"Na t\u00e9to str\u00e1nce naleznete obchodn\u00ed podm\u00ednky a n\u00e1vody k na\u0161im produkt\u016fm.","robots":{"index":"index","follow":"follow","max-snippet":"max-snippet:-1","max-image-preview":"max-image-preview:large","max-video-preview":"max-video-preview:-1"},"canonical":"https:\/\/montis.cz\/en\/obchodni-podminky\/","og_locale":"en_US","og_type":"article","og_title":"Obchodn\u00ed podm\u00ednky | MONTIS.CZ","og_description":"Na t\u00e9to str\u00e1nce naleznete obchodn\u00ed podm\u00ednky a n\u00e1vody k na\u0161im produkt\u016fm.","og_url":"https:\/\/montis.cz\/en\/obchodni-podminky\/","og_site_name":"Montis","article_modified_time":"2026-02-04T13:10:07+00:00","twitter_card":"summary_large_image","twitter_misc":{"Est. reading time":"1 minute"},"schema":{"@context":"https:\/\/schema.org","@graph":[{"@type":"WebPage","@id":"https:\/\/montis.cz\/en\/obchodni-podminky\/","url":"https:\/\/montis.cz\/en\/obchodni-podminky\/","name":"Obchodn\u00ed podm\u00ednky | MONTIS.CZ","isPartOf":{"@id":"https:\/\/montis.cz\/en\/#website"},"datePublished":"2021-07-28T11:00:59+00:00","dateModified":"2026-02-04T13:10:07+00:00","description":"Na t\u00e9to str\u00e1nce naleznete obchodn\u00ed podm\u00ednky a n\u00e1vody k na\u0161im produkt\u016fm.","breadcrumb":{"@id":"https:\/\/montis.cz\/en\/obchodni-podminky\/#breadcrumb"},"inLanguage":"en-US","potentialAction":[{"@type":"ReadAction","target":["https:\/\/montis.cz\/en\/obchodni-podminky\/"]}]},{"@type":"BreadcrumbList","@id":"https:\/\/montis.cz\/en\/obchodni-podminky\/#breadcrumb","itemListElement":[{"@type":"ListItem","position":1,"name":"Home","item":"https:\/\/montis.cz\/en\/"},{"@type":"ListItem","position":2,"name":"Obchodn\u00ed podm\u00ednky"}]},{"@type":"WebSite","@id":"https:\/\/montis.cz\/en\/#website","url":"https:\/\/montis.cz\/en\/","name":"Montis","description":"St\u00edn\u00edc\u00ed technika a reklama \u0161it\u00e1 na m\u00edru","publisher":{"@id":"https:\/\/montis.cz\/en\/#organization"},"potentialAction":[{"@type":"SearchAction","target":{"@type":"EntryPoint","urlTemplate":"https:\/\/montis.cz\/en\/?s={search_term_string}"},"query-input":{"@type":"PropertyValueSpecification","valueRequired":true,"valueName":"search_term_string"}}],"inLanguage":"en-US"},{"@type":"Organization","@id":"https:\/\/montis.cz\/en\/#organization","name":"Montis","url":"https:\/\/montis.cz\/en\/","logo":{"@type":"ImageObject","inLanguage":"en-US","@id":"https:\/\/montis.cz\/en\/#\/schema\/logo\/image\/","url":"https:\/\/montis.cz\/wp-content\/uploads\/2022\/06\/Logo_montis_cz_web.svg","contentUrl":"https:\/\/montis.cz\/wp-content\/uploads\/2022\/06\/Logo_montis_cz_web.svg","caption":"Montis"},"image":{"@id":"https:\/\/montis.cz\/en\/#\/schema\/logo\/image\/"}}]}},"_links":{"self":[{"href":"https:\/\/montis.cz\/en\/wp-json\/wp\/v2\/pages\/1845","targetHints":{"allow":["GET"]}}],"collection":[{"href":"https:\/\/montis.cz\/en\/wp-json\/wp\/v2\/pages"}],"about":[{"href":"https:\/\/montis.cz\/en\/wp-json\/wp\/v2\/types\/page"}],"author":[{"embeddable":true,"href":"https:\/\/montis.cz\/en\/wp-json\/wp\/v2\/users\/1"}],"replies":[{"embeddable":true,"href":"https:\/\/montis.cz\/en\/wp-json\/wp\/v2\/comments?post=1845"}],"version-history":[{"count":10,"href":"https:\/\/montis.cz\/en\/wp-json\/wp\/v2\/pages\/1845\/revisions"}],"predecessor-version":[{"id":8994,"href":"https:\/\/montis.cz\/en\/wp-json\/wp\/v2\/pages\/1845\/revisions\/8994"}],"wp:attachment":[{"href":"https:\/\/montis.cz\/en\/wp-json\/wp\/v2\/media?parent=1845"}],"curies":[{"name":"wp","href":"https:\/\/api.w.org\/{rel}","templated":true}]}}