{"id":1844,"date":"2021-07-28T14:12:00","date_gmt":"2021-07-28T12:12:00","guid":{"rendered":"https:\/\/montis.cz.uvirt117.active24.cz\/o-nas\/"},"modified":"2023-04-18T17:44:01","modified_gmt":"2023-04-18T15:44:01","slug":"about-us","status":"publish","type":"page","link":"https:\/\/montis.cz\/en\/about-us\/","title":{"rendered":"About us"},"content":{"rendered":"<p>We are a Czech family company and we have been manufacturing parasols, shading technology and products for signmaking and advertising since 1993. Since the beginning of our business, we have been operating on our own premises, which we have gradually modified into a production hall, storage facilities and a modest company background. We have gradually purchased the necessary technical equipment and modernized our machines for maximum quality of our products and satisfaction of our clients. We are a leader in our field in the Czech Republic and we are constantly expanding our product portfolio according to the current market demand. Regardless of the size of the job, every client is important to us. We have been here for you for 30 years.<\/p>\n<h3>Why our company Montis?<\/h3>\n<ul>\n<li>Czech product<\/li>\n<li>Quality workmanship in all parts of production<\/li>\n<li>Wide range of materials and designs<\/li>\n<li>Testing and certification of our products<\/li>\n<li>A team of experienced and trained staff<\/li>\n<li>Professional orientation and installation<\/li>\n<li>Consultancy<\/li>\n<li>Custom production<\/li>\n<li>Warranty and post-warranty service<\/li>\n<li>Individual approach<\/li>\n<li>30 years of experience in the industry<\/li>\n<\/ul>\n","protected":false},"excerpt":{"rendered":"<p>We are a Czech family company and we have been manufacturing parasols, shading technology and products for signmaking and advertising since 1993. Since the beginning of our business, we have been operating on our own premises, which we have gradually modified into a production hall, storage facilities and a modest company background. We have gradually [&hellip;]<\/p>\n","protected":false},"author":1,"featured_media":0,"parent":0,"menu_order":0,"comment_status":"closed","ping_status":"closed","template":"templates\/about.php","meta":{"_acf_changed":false,"inline_featured_image":false,"footnotes":""},"class_list":["post-1844","page","type-page","status-publish","hentry"],"acf":[],"yoast_head":"<!-- This site is optimized with the Yoast SEO plugin v27.4 - https:\/\/yoast.com\/product\/yoast-seo-wordpress\/ -->\n<title>Manufacturer of Parasols and Tents for Cafes&amp;Restaurants | MONTIS.CZ<\/title>\n<meta name=\"description\" content=\"We have been manufacturing parasols, shading technology and products for signmaking and advertising since 1993.\" \/>\n<meta name=\"robots\" content=\"index, follow, max-snippet:-1, max-image-preview:large, max-video-preview:-1\" \/>\n<link rel=\"canonical\" href=\"https:\/\/montis.cz\/en\/about-us\/\" \/>\n<meta property=\"og:locale\" content=\"en_US\" \/>\n<meta property=\"og:type\" content=\"article\" \/>\n<meta property=\"og:title\" content=\"Manufacturer of Parasols and Tents for Cafes&amp;Restaurants | MONTIS.CZ\" \/>\n<meta property=\"og:description\" content=\"We have been manufacturing parasols, shading technology and products for signmaking and advertising since 1993.\" \/>\n<meta property=\"og:url\" content=\"https:\/\/montis.cz\/en\/about-us\/\" \/>\n<meta property=\"og:site_name\" content=\"Montis\" \/>\n<meta property=\"article:modified_time\" content=\"2023-04-18T15:44:01+00:00\" \/>\n<meta name=\"twitter:card\" content=\"summary_large_image\" \/>\n<meta name=\"twitter:label1\" content=\"Est. reading time\" \/>\n\t<meta name=\"twitter:data1\" content=\"1 minute\" \/>\n<script type=\"application\/ld+json\" class=\"yoast-schema-graph\">{\"@context\":\"https:\\\/\\\/schema.org\",\"@graph\":[{\"@type\":\"WebPage\",\"@id\":\"https:\\\/\\\/montis.cz\\\/en\\\/about-us\\\/\",\"url\":\"https:\\\/\\\/montis.cz\\\/en\\\/about-us\\\/\",\"name\":\"Manufacturer of Parasols and Tents for Cafes&Restaurants | MONTIS.CZ\",\"isPartOf\":{\"@id\":\"https:\\\/\\\/montis.cz\\\/en\\\/#website\"},\"datePublished\":\"2021-07-28T12:12:00+00:00\",\"dateModified\":\"2023-04-18T15:44:01+00:00\",\"description\":\"We have been manufacturing parasols, shading technology and products for signmaking and advertising since 1993.\",\"breadcrumb\":{\"@id\":\"https:\\\/\\\/montis.cz\\\/en\\\/about-us\\\/#breadcrumb\"},\"inLanguage\":\"en-US\",\"potentialAction\":[{\"@type\":\"ReadAction\",\"target\":[\"https:\\\/\\\/montis.cz\\\/en\\\/about-us\\\/\"]}]},{\"@type\":\"BreadcrumbList\",\"@id\":\"https:\\\/\\\/montis.cz\\\/en\\\/about-us\\\/#breadcrumb\",\"itemListElement\":[{\"@type\":\"ListItem\",\"position\":1,\"name\":\"Home\",\"item\":\"https:\\\/\\\/montis.cz\\\/en\\\/\"},{\"@type\":\"ListItem\",\"position\":2,\"name\":\"About us\"}]},{\"@type\":\"WebSite\",\"@id\":\"https:\\\/\\\/montis.cz\\\/en\\\/#website\",\"url\":\"https:\\\/\\\/montis.cz\\\/en\\\/\",\"name\":\"Montis\",\"description\":\"St\u00edn\u00edc\u00ed technika a reklama \u0161it\u00e1 na m\u00edru\",\"publisher\":{\"@id\":\"https:\\\/\\\/montis.cz\\\/en\\\/#organization\"},\"potentialAction\":[{\"@type\":\"SearchAction\",\"target\":{\"@type\":\"EntryPoint\",\"urlTemplate\":\"https:\\\/\\\/montis.cz\\\/en\\\/?s={search_term_string}\"},\"query-input\":{\"@type\":\"PropertyValueSpecification\",\"valueRequired\":true,\"valueName\":\"search_term_string\"}}],\"inLanguage\":\"en-US\"},{\"@type\":\"Organization\",\"@id\":\"https:\\\/\\\/montis.cz\\\/en\\\/#organization\",\"name\":\"Montis\",\"url\":\"https:\\\/\\\/montis.cz\\\/en\\\/\",\"logo\":{\"@type\":\"ImageObject\",\"inLanguage\":\"en-US\",\"@id\":\"https:\\\/\\\/montis.cz\\\/en\\\/#\\\/schema\\\/logo\\\/image\\\/\",\"url\":\"https:\\\/\\\/montis.cz\\\/wp-content\\\/uploads\\\/2022\\\/06\\\/Logo_montis_cz_web.svg\",\"contentUrl\":\"https:\\\/\\\/montis.cz\\\/wp-content\\\/uploads\\\/2022\\\/06\\\/Logo_montis_cz_web.svg\",\"caption\":\"Montis\"},\"image\":{\"@id\":\"https:\\\/\\\/montis.cz\\\/en\\\/#\\\/schema\\\/logo\\\/image\\\/\"}}]}<\/script>\n<!-- \/ Yoast SEO plugin. -->","yoast_head_json":{"title":"Manufacturer of Parasols and Tents for Cafes&Restaurants | MONTIS.CZ","description":"We have been manufacturing parasols, shading technology and products for signmaking and advertising since 1993.","robots":{"index":"index","follow":"follow","max-snippet":"max-snippet:-1","max-image-preview":"max-image-preview:large","max-video-preview":"max-video-preview:-1"},"canonical":"https:\/\/montis.cz\/en\/about-us\/","og_locale":"en_US","og_type":"article","og_title":"Manufacturer of Parasols and Tents for Cafes&Restaurants | MONTIS.CZ","og_description":"We have been manufacturing parasols, shading technology and products for signmaking and advertising since 1993.","og_url":"https:\/\/montis.cz\/en\/about-us\/","og_site_name":"Montis","article_modified_time":"2023-04-18T15:44:01+00:00","twitter_card":"summary_large_image","twitter_misc":{"Est. reading time":"1 minute"},"schema":{"@context":"https:\/\/schema.org","@graph":[{"@type":"WebPage","@id":"https:\/\/montis.cz\/en\/about-us\/","url":"https:\/\/montis.cz\/en\/about-us\/","name":"Manufacturer of Parasols and Tents for Cafes&Restaurants | MONTIS.CZ","isPartOf":{"@id":"https:\/\/montis.cz\/en\/#website"},"datePublished":"2021-07-28T12:12:00+00:00","dateModified":"2023-04-18T15:44:01+00:00","description":"We have been manufacturing parasols, shading technology and products for signmaking and advertising since 1993.","breadcrumb":{"@id":"https:\/\/montis.cz\/en\/about-us\/#breadcrumb"},"inLanguage":"en-US","potentialAction":[{"@type":"ReadAction","target":["https:\/\/montis.cz\/en\/about-us\/"]}]},{"@type":"BreadcrumbList","@id":"https:\/\/montis.cz\/en\/about-us\/#breadcrumb","itemListElement":[{"@type":"ListItem","position":1,"name":"Home","item":"https:\/\/montis.cz\/en\/"},{"@type":"ListItem","position":2,"name":"About us"}]},{"@type":"WebSite","@id":"https:\/\/montis.cz\/en\/#website","url":"https:\/\/montis.cz\/en\/","name":"Montis","description":"St\u00edn\u00edc\u00ed technika a reklama \u0161it\u00e1 na m\u00edru","publisher":{"@id":"https:\/\/montis.cz\/en\/#organization"},"potentialAction":[{"@type":"SearchAction","target":{"@type":"EntryPoint","urlTemplate":"https:\/\/montis.cz\/en\/?s={search_term_string}"},"query-input":{"@type":"PropertyValueSpecification","valueRequired":true,"valueName":"search_term_string"}}],"inLanguage":"en-US"},{"@type":"Organization","@id":"https:\/\/montis.cz\/en\/#organization","name":"Montis","url":"https:\/\/montis.cz\/en\/","logo":{"@type":"ImageObject","inLanguage":"en-US","@id":"https:\/\/montis.cz\/en\/#\/schema\/logo\/image\/","url":"https:\/\/montis.cz\/wp-content\/uploads\/2022\/06\/Logo_montis_cz_web.svg","contentUrl":"https:\/\/montis.cz\/wp-content\/uploads\/2022\/06\/Logo_montis_cz_web.svg","caption":"Montis"},"image":{"@id":"https:\/\/montis.cz\/en\/#\/schema\/logo\/image\/"}}]}},"_links":{"self":[{"href":"https:\/\/montis.cz\/en\/wp-json\/wp\/v2\/pages\/1844","targetHints":{"allow":["GET"]}}],"collection":[{"href":"https:\/\/montis.cz\/en\/wp-json\/wp\/v2\/pages"}],"about":[{"href":"https:\/\/montis.cz\/en\/wp-json\/wp\/v2\/types\/page"}],"author":[{"embeddable":true,"href":"https:\/\/montis.cz\/en\/wp-json\/wp\/v2\/users\/1"}],"replies":[{"embeddable":true,"href":"https:\/\/montis.cz\/en\/wp-json\/wp\/v2\/comments?post=1844"}],"version-history":[{"count":0,"href":"https:\/\/montis.cz\/en\/wp-json\/wp\/v2\/pages\/1844\/revisions"}],"wp:attachment":[{"href":"https:\/\/montis.cz\/en\/wp-json\/wp\/v2\/media?parent=1844"}],"curies":[{"name":"wp","href":"https:\/\/api.w.org\/{rel}","templated":true}]}}