{"id":1842,"date":"2021-07-28T14:11:49","date_gmt":"2021-07-28T12:11:49","guid":{"rendered":"https:\/\/montis.cz.uvirt117.active24.cz\/kontakt\/"},"modified":"2022-06-08T17:17:37","modified_gmt":"2022-06-08T15:17:37","slug":"kontakt","status":"publish","type":"page","link":"https:\/\/montis.cz\/en\/kontakt\/","title":{"rendered":"Contact"},"content":{"rendered":"<h5>Address<\/h5>\n<p>MONTIS CZ s.r.o.<br \/>\nMoravsk\u00e1 2715\/61<br \/>\n767 01 Krom\u011b\u0159\u00ed\u017e<\/p>\n<p>montis@montis.cz<\/p>\n<p>I\u010cO: 255 83 395<br \/>\nDI\u010c: CZ 255 83 395<\/p>\n","protected":false},"excerpt":{"rendered":"<p>Address MONTIS CZ s.r.o. Moravsk\u00e1 2715\/61 767 01 Krom\u011b\u0159\u00ed\u017e montis@montis.cz I\u010cO: 255 83 395 DI\u010c: CZ 255 83 395<\/p>\n","protected":false},"author":1,"featured_media":0,"parent":0,"menu_order":0,"comment_status":"closed","ping_status":"closed","template":"templates\/contact.php","meta":{"_acf_changed":false,"inline_featured_image":false,"footnotes":""},"class_list":["post-1842","page","type-page","status-publish","hentry"],"acf":[],"yoast_head":"<!-- This site is optimized with the Yoast SEO plugin v27.3 - https:\/\/yoast.com\/product\/yoast-seo-wordpress\/ -->\n<title>MONTIS.CZ in German Kn\u00f6tig-Solventa GmbH Boschstrasse 8 71384 Weinstadt-Gro\u00dfheppach<\/title>\n<meta name=\"description\" content=\"Opening Hours Monday - Friday 8:00 AM \u2013 15:00 PM. Kn\u00f6tig-Solventa GmbH Boschstrasse 8 71384 Weinstadt-Gro\u00dfheppach\" \/>\n<meta name=\"robots\" content=\"index, follow, max-snippet:-1, max-image-preview:large, max-video-preview:-1\" \/>\n<link rel=\"canonical\" href=\"https:\/\/montis.cz\/en\/kontakt\/\" \/>\n<meta property=\"og:locale\" content=\"en_US\" \/>\n<meta property=\"og:type\" content=\"article\" \/>\n<meta property=\"og:title\" content=\"MONTIS.CZ in German Kn\u00f6tig-Solventa GmbH Boschstrasse 8 71384 Weinstadt-Gro\u00dfheppach\" \/>\n<meta property=\"og:description\" content=\"Opening Hours Monday - Friday 8:00 AM \u2013 15:00 PM. Kn\u00f6tig-Solventa GmbH Boschstrasse 8 71384 Weinstadt-Gro\u00dfheppach\" \/>\n<meta property=\"og:url\" content=\"https:\/\/montis.cz\/en\/kontakt\/\" \/>\n<meta property=\"og:site_name\" content=\"Montis\" \/>\n<meta property=\"article:modified_time\" content=\"2022-06-08T15:17:37+00:00\" \/>\n<meta name=\"twitter:card\" content=\"summary_large_image\" \/>\n<meta name=\"twitter:label1\" content=\"Est. reading time\" \/>\n\t<meta name=\"twitter:data1\" content=\"1 minute\" \/>\n<script type=\"application\/ld+json\" class=\"yoast-schema-graph\">{\"@context\":\"https:\\\/\\\/schema.org\",\"@graph\":[{\"@type\":\"WebPage\",\"@id\":\"https:\\\/\\\/montis.cz\\\/en\\\/kontakt\\\/\",\"url\":\"https:\\\/\\\/montis.cz\\\/en\\\/kontakt\\\/\",\"name\":\"MONTIS.CZ in German Kn\u00f6tig-Solventa GmbH Boschstrasse 8 71384 Weinstadt-Gro\u00dfheppach\",\"isPartOf\":{\"@id\":\"https:\\\/\\\/montis.cz\\\/en\\\/#website\"},\"datePublished\":\"2021-07-28T12:11:49+00:00\",\"dateModified\":\"2022-06-08T15:17:37+00:00\",\"description\":\"Opening Hours Monday - Friday 8:00 AM \u2013 15:00 PM. Kn\u00f6tig-Solventa GmbH Boschstrasse 8 71384 Weinstadt-Gro\u00dfheppach\",\"breadcrumb\":{\"@id\":\"https:\\\/\\\/montis.cz\\\/en\\\/kontakt\\\/#breadcrumb\"},\"inLanguage\":\"en-US\",\"potentialAction\":[{\"@type\":\"ReadAction\",\"target\":[\"https:\\\/\\\/montis.cz\\\/en\\\/kontakt\\\/\"]}]},{\"@type\":\"BreadcrumbList\",\"@id\":\"https:\\\/\\\/montis.cz\\\/en\\\/kontakt\\\/#breadcrumb\",\"itemListElement\":[{\"@type\":\"ListItem\",\"position\":1,\"name\":\"Home\",\"item\":\"https:\\\/\\\/montis.cz\\\/en\\\/\"},{\"@type\":\"ListItem\",\"position\":2,\"name\":\"Contact\"}]},{\"@type\":\"WebSite\",\"@id\":\"https:\\\/\\\/montis.cz\\\/en\\\/#website\",\"url\":\"https:\\\/\\\/montis.cz\\\/en\\\/\",\"name\":\"Montis\",\"description\":\"St\u00edn\u00edc\u00ed technika a reklama \u0161it\u00e1 na m\u00edru\",\"publisher\":{\"@id\":\"https:\\\/\\\/montis.cz\\\/en\\\/#organization\"},\"potentialAction\":[{\"@type\":\"SearchAction\",\"target\":{\"@type\":\"EntryPoint\",\"urlTemplate\":\"https:\\\/\\\/montis.cz\\\/en\\\/?s={search_term_string}\"},\"query-input\":{\"@type\":\"PropertyValueSpecification\",\"valueRequired\":true,\"valueName\":\"search_term_string\"}}],\"inLanguage\":\"en-US\"},{\"@type\":\"Organization\",\"@id\":\"https:\\\/\\\/montis.cz\\\/en\\\/#organization\",\"name\":\"Montis\",\"url\":\"https:\\\/\\\/montis.cz\\\/en\\\/\",\"logo\":{\"@type\":\"ImageObject\",\"inLanguage\":\"en-US\",\"@id\":\"https:\\\/\\\/montis.cz\\\/en\\\/#\\\/schema\\\/logo\\\/image\\\/\",\"url\":\"https:\\\/\\\/montis.cz\\\/wp-content\\\/uploads\\\/2022\\\/06\\\/Logo_montis_cz_web.svg\",\"contentUrl\":\"https:\\\/\\\/montis.cz\\\/wp-content\\\/uploads\\\/2022\\\/06\\\/Logo_montis_cz_web.svg\",\"caption\":\"Montis\"},\"image\":{\"@id\":\"https:\\\/\\\/montis.cz\\\/en\\\/#\\\/schema\\\/logo\\\/image\\\/\"}}]}<\/script>\n<!-- \/ Yoast SEO plugin. -->","yoast_head_json":{"title":"MONTIS.CZ in German Kn\u00f6tig-Solventa GmbH Boschstrasse 8 71384 Weinstadt-Gro\u00dfheppach","description":"Opening Hours Monday - Friday 8:00 AM \u2013 15:00 PM. Kn\u00f6tig-Solventa GmbH Boschstrasse 8 71384 Weinstadt-Gro\u00dfheppach","robots":{"index":"index","follow":"follow","max-snippet":"max-snippet:-1","max-image-preview":"max-image-preview:large","max-video-preview":"max-video-preview:-1"},"canonical":"https:\/\/montis.cz\/en\/kontakt\/","og_locale":"en_US","og_type":"article","og_title":"MONTIS.CZ in German Kn\u00f6tig-Solventa GmbH Boschstrasse 8 71384 Weinstadt-Gro\u00dfheppach","og_description":"Opening Hours Monday - Friday 8:00 AM \u2013 15:00 PM. Kn\u00f6tig-Solventa GmbH Boschstrasse 8 71384 Weinstadt-Gro\u00dfheppach","og_url":"https:\/\/montis.cz\/en\/kontakt\/","og_site_name":"Montis","article_modified_time":"2022-06-08T15:17:37+00:00","twitter_card":"summary_large_image","twitter_misc":{"Est. reading time":"1 minute"},"schema":{"@context":"https:\/\/schema.org","@graph":[{"@type":"WebPage","@id":"https:\/\/montis.cz\/en\/kontakt\/","url":"https:\/\/montis.cz\/en\/kontakt\/","name":"MONTIS.CZ in German Kn\u00f6tig-Solventa GmbH Boschstrasse 8 71384 Weinstadt-Gro\u00dfheppach","isPartOf":{"@id":"https:\/\/montis.cz\/en\/#website"},"datePublished":"2021-07-28T12:11:49+00:00","dateModified":"2022-06-08T15:17:37+00:00","description":"Opening Hours Monday - Friday 8:00 AM \u2013 15:00 PM. Kn\u00f6tig-Solventa GmbH Boschstrasse 8 71384 Weinstadt-Gro\u00dfheppach","breadcrumb":{"@id":"https:\/\/montis.cz\/en\/kontakt\/#breadcrumb"},"inLanguage":"en-US","potentialAction":[{"@type":"ReadAction","target":["https:\/\/montis.cz\/en\/kontakt\/"]}]},{"@type":"BreadcrumbList","@id":"https:\/\/montis.cz\/en\/kontakt\/#breadcrumb","itemListElement":[{"@type":"ListItem","position":1,"name":"Home","item":"https:\/\/montis.cz\/en\/"},{"@type":"ListItem","position":2,"name":"Contact"}]},{"@type":"WebSite","@id":"https:\/\/montis.cz\/en\/#website","url":"https:\/\/montis.cz\/en\/","name":"Montis","description":"St\u00edn\u00edc\u00ed technika a reklama \u0161it\u00e1 na m\u00edru","publisher":{"@id":"https:\/\/montis.cz\/en\/#organization"},"potentialAction":[{"@type":"SearchAction","target":{"@type":"EntryPoint","urlTemplate":"https:\/\/montis.cz\/en\/?s={search_term_string}"},"query-input":{"@type":"PropertyValueSpecification","valueRequired":true,"valueName":"search_term_string"}}],"inLanguage":"en-US"},{"@type":"Organization","@id":"https:\/\/montis.cz\/en\/#organization","name":"Montis","url":"https:\/\/montis.cz\/en\/","logo":{"@type":"ImageObject","inLanguage":"en-US","@id":"https:\/\/montis.cz\/en\/#\/schema\/logo\/image\/","url":"https:\/\/montis.cz\/wp-content\/uploads\/2022\/06\/Logo_montis_cz_web.svg","contentUrl":"https:\/\/montis.cz\/wp-content\/uploads\/2022\/06\/Logo_montis_cz_web.svg","caption":"Montis"},"image":{"@id":"https:\/\/montis.cz\/en\/#\/schema\/logo\/image\/"}}]}},"_links":{"self":[{"href":"https:\/\/montis.cz\/en\/wp-json\/wp\/v2\/pages\/1842","targetHints":{"allow":["GET"]}}],"collection":[{"href":"https:\/\/montis.cz\/en\/wp-json\/wp\/v2\/pages"}],"about":[{"href":"https:\/\/montis.cz\/en\/wp-json\/wp\/v2\/types\/page"}],"author":[{"embeddable":true,"href":"https:\/\/montis.cz\/en\/wp-json\/wp\/v2\/users\/1"}],"replies":[{"embeddable":true,"href":"https:\/\/montis.cz\/en\/wp-json\/wp\/v2\/comments?post=1842"}],"version-history":[{"count":0,"href":"https:\/\/montis.cz\/en\/wp-json\/wp\/v2\/pages\/1842\/revisions"}],"wp:attachment":[{"href":"https:\/\/montis.cz\/en\/wp-json\/wp\/v2\/media?parent=1842"}],"curies":[{"name":"wp","href":"https:\/\/api.w.org\/{rel}","templated":true}]}}