{"id":1839,"date":"2021-07-28T10:46:36","date_gmt":"2021-07-28T10:46:36","guid":{"rendered":"https:\/\/montis.cz.uvirt117.active24.cz\/homepage\/"},"modified":"2026-01-23T09:34:38","modified_gmt":"2026-01-23T08:34:38","slug":"homepage","status":"publish","type":"page","link":"https:\/\/montis.cz\/en\/","title":{"rendered":"Homepage"},"content":{"rendered":"","protected":false},"excerpt":{"rendered":"","protected":false},"author":1,"featured_media":0,"parent":0,"menu_order":0,"comment_status":"closed","ping_status":"open","template":"templates\/homepage.php","meta":{"_acf_changed":false,"inline_featured_image":false,"footnotes":""},"class_list":["post-1839","page","type-page","status-publish","hentry"],"acf":[],"yoast_head":"<!-- This site is optimized with the Yoast SEO plugin v27.3 - https:\/\/yoast.com\/product\/yoast-seo-wordpress\/ -->\n<title>Advertising umbrellas for cafes and restaurants manufacturer | MONTIS.CZ<\/title>\n<meta name=\"description\" content=\"Advertising umbrellas for cafes, restaurants and hotels manufacturer. Folding tents and pavilions for advertising events. Advertising printing MONTIS.CZ\" \/>\n<meta name=\"robots\" content=\"index, follow, max-snippet:-1, max-image-preview:large, max-video-preview:-1\" \/>\n<link rel=\"canonical\" href=\"https:\/\/montis.cz\/en\/\" \/>\n<meta property=\"og:locale\" content=\"en_US\" \/>\n<meta property=\"og:type\" content=\"article\" \/>\n<meta property=\"og:title\" content=\"Advertising umbrellas for cafes and restaurants manufacturer | MONTIS.CZ\" \/>\n<meta property=\"og:description\" content=\"Advertising umbrellas for cafes, restaurants and hotels manufacturer. Folding tents and pavilions for advertising events. Advertising printing MONTIS.CZ\" \/>\n<meta property=\"og:url\" content=\"https:\/\/montis.cz\/en\/\" \/>\n<meta property=\"og:site_name\" content=\"Montis\" \/>\n<meta property=\"article:modified_time\" content=\"2026-01-23T08:34:38+00:00\" \/>\n<meta name=\"twitter:card\" content=\"summary_large_image\" \/>\n<script type=\"application\/ld+json\" class=\"yoast-schema-graph\">{\"@context\":\"https:\\\/\\\/schema.org\",\"@graph\":[{\"@type\":\"WebPage\",\"@id\":\"https:\\\/\\\/montis.cz\\\/en\\\/\",\"url\":\"https:\\\/\\\/montis.cz\\\/en\\\/\",\"name\":\"Advertising umbrellas for cafes and restaurants manufacturer | MONTIS.CZ\",\"isPartOf\":{\"@id\":\"https:\\\/\\\/montis.cz\\\/en\\\/#website\"},\"datePublished\":\"2021-07-28T10:46:36+00:00\",\"dateModified\":\"2026-01-23T08:34:38+00:00\",\"description\":\"Advertising umbrellas for cafes, restaurants and hotels manufacturer. Folding tents and pavilions for advertising events. Advertising printing MONTIS.CZ\",\"breadcrumb\":{\"@id\":\"https:\\\/\\\/montis.cz\\\/en\\\/#breadcrumb\"},\"inLanguage\":\"en-US\",\"potentialAction\":[{\"@type\":\"ReadAction\",\"target\":[\"https:\\\/\\\/montis.cz\\\/en\\\/\"]}]},{\"@type\":\"BreadcrumbList\",\"@id\":\"https:\\\/\\\/montis.cz\\\/en\\\/#breadcrumb\",\"itemListElement\":[{\"@type\":\"ListItem\",\"position\":1,\"name\":\"Home\",\"item\":\"https:\\\/\\\/montis.cz\\\/en\\\/\"},{\"@type\":\"ListItem\",\"position\":2,\"name\":\"Homepage\"}]},{\"@type\":\"WebSite\",\"@id\":\"https:\\\/\\\/montis.cz\\\/en\\\/#website\",\"url\":\"https:\\\/\\\/montis.cz\\\/en\\\/\",\"name\":\"Montis\",\"description\":\"St\u00edn\u00edc\u00ed technika a reklama \u0161it\u00e1 na m\u00edru\",\"publisher\":{\"@id\":\"https:\\\/\\\/montis.cz\\\/en\\\/#organization\"},\"potentialAction\":[{\"@type\":\"SearchAction\",\"target\":{\"@type\":\"EntryPoint\",\"urlTemplate\":\"https:\\\/\\\/montis.cz\\\/en\\\/?s={search_term_string}\"},\"query-input\":{\"@type\":\"PropertyValueSpecification\",\"valueRequired\":true,\"valueName\":\"search_term_string\"}}],\"inLanguage\":\"en-US\"},{\"@type\":\"Organization\",\"@id\":\"https:\\\/\\\/montis.cz\\\/en\\\/#organization\",\"name\":\"Montis\",\"url\":\"https:\\\/\\\/montis.cz\\\/en\\\/\",\"logo\":{\"@type\":\"ImageObject\",\"inLanguage\":\"en-US\",\"@id\":\"https:\\\/\\\/montis.cz\\\/en\\\/#\\\/schema\\\/logo\\\/image\\\/\",\"url\":\"https:\\\/\\\/montis.cz\\\/wp-content\\\/uploads\\\/2022\\\/06\\\/Logo_montis_cz_web.svg\",\"contentUrl\":\"https:\\\/\\\/montis.cz\\\/wp-content\\\/uploads\\\/2022\\\/06\\\/Logo_montis_cz_web.svg\",\"caption\":\"Montis\"},\"image\":{\"@id\":\"https:\\\/\\\/montis.cz\\\/en\\\/#\\\/schema\\\/logo\\\/image\\\/\"}}]}<\/script>\n<!-- \/ Yoast SEO plugin. -->","yoast_head_json":{"title":"Advertising umbrellas for cafes and restaurants manufacturer | MONTIS.CZ","description":"Advertising umbrellas for cafes, restaurants and hotels manufacturer. Folding tents and pavilions for advertising events. Advertising printing MONTIS.CZ","robots":{"index":"index","follow":"follow","max-snippet":"max-snippet:-1","max-image-preview":"max-image-preview:large","max-video-preview":"max-video-preview:-1"},"canonical":"https:\/\/montis.cz\/en\/","og_locale":"en_US","og_type":"article","og_title":"Advertising umbrellas for cafes and restaurants manufacturer | MONTIS.CZ","og_description":"Advertising umbrellas for cafes, restaurants and hotels manufacturer. Folding tents and pavilions for advertising events. Advertising printing MONTIS.CZ","og_url":"https:\/\/montis.cz\/en\/","og_site_name":"Montis","article_modified_time":"2026-01-23T08:34:38+00:00","twitter_card":"summary_large_image","schema":{"@context":"https:\/\/schema.org","@graph":[{"@type":"WebPage","@id":"https:\/\/montis.cz\/en\/","url":"https:\/\/montis.cz\/en\/","name":"Advertising umbrellas for cafes and restaurants manufacturer | MONTIS.CZ","isPartOf":{"@id":"https:\/\/montis.cz\/en\/#website"},"datePublished":"2021-07-28T10:46:36+00:00","dateModified":"2026-01-23T08:34:38+00:00","description":"Advertising umbrellas for cafes, restaurants and hotels manufacturer. Folding tents and pavilions for advertising events. Advertising printing MONTIS.CZ","breadcrumb":{"@id":"https:\/\/montis.cz\/en\/#breadcrumb"},"inLanguage":"en-US","potentialAction":[{"@type":"ReadAction","target":["https:\/\/montis.cz\/en\/"]}]},{"@type":"BreadcrumbList","@id":"https:\/\/montis.cz\/en\/#breadcrumb","itemListElement":[{"@type":"ListItem","position":1,"name":"Home","item":"https:\/\/montis.cz\/en\/"},{"@type":"ListItem","position":2,"name":"Homepage"}]},{"@type":"WebSite","@id":"https:\/\/montis.cz\/en\/#website","url":"https:\/\/montis.cz\/en\/","name":"Montis","description":"St\u00edn\u00edc\u00ed technika a reklama \u0161it\u00e1 na m\u00edru","publisher":{"@id":"https:\/\/montis.cz\/en\/#organization"},"potentialAction":[{"@type":"SearchAction","target":{"@type":"EntryPoint","urlTemplate":"https:\/\/montis.cz\/en\/?s={search_term_string}"},"query-input":{"@type":"PropertyValueSpecification","valueRequired":true,"valueName":"search_term_string"}}],"inLanguage":"en-US"},{"@type":"Organization","@id":"https:\/\/montis.cz\/en\/#organization","name":"Montis","url":"https:\/\/montis.cz\/en\/","logo":{"@type":"ImageObject","inLanguage":"en-US","@id":"https:\/\/montis.cz\/en\/#\/schema\/logo\/image\/","url":"https:\/\/montis.cz\/wp-content\/uploads\/2022\/06\/Logo_montis_cz_web.svg","contentUrl":"https:\/\/montis.cz\/wp-content\/uploads\/2022\/06\/Logo_montis_cz_web.svg","caption":"Montis"},"image":{"@id":"https:\/\/montis.cz\/en\/#\/schema\/logo\/image\/"}}]}},"_links":{"self":[{"href":"https:\/\/montis.cz\/en\/wp-json\/wp\/v2\/pages\/1839","targetHints":{"allow":["GET"]}}],"collection":[{"href":"https:\/\/montis.cz\/en\/wp-json\/wp\/v2\/pages"}],"about":[{"href":"https:\/\/montis.cz\/en\/wp-json\/wp\/v2\/types\/page"}],"author":[{"embeddable":true,"href":"https:\/\/montis.cz\/en\/wp-json\/wp\/v2\/users\/1"}],"replies":[{"embeddable":true,"href":"https:\/\/montis.cz\/en\/wp-json\/wp\/v2\/comments?post=1839"}],"version-history":[{"count":2,"href":"https:\/\/montis.cz\/en\/wp-json\/wp\/v2\/pages\/1839\/revisions"}],"predecessor-version":[{"id":8897,"href":"https:\/\/montis.cz\/en\/wp-json\/wp\/v2\/pages\/1839\/revisions\/8897"}],"wp:attachment":[{"href":"https:\/\/montis.cz\/en\/wp-json\/wp\/v2\/media?parent=1839"}],"curies":[{"name":"wp","href":"https:\/\/api.w.org\/{rel}","templated":true}]}}